{"id":185,"date":"2021-04-07T22:19:37","date_gmt":"2021-04-07T20:19:37","guid":{"rendered":"http:\/\/www.itamp.org\/index.php\/?page_id=185"},"modified":"2021-07-14T18:21:39","modified_gmt":"2021-07-14T16:21:39","slug":"climatizzazione","status":"publish","type":"page","link":"https:\/\/www.itamp.org\/index.php\/climatizzazione\/","title":{"rendered":"Canalizzazione aria per climatizzazione ambientale"},"content":{"rendered":"\t\t<div data-elementor-type=\"wp-page\" data-elementor-id=\"185\" class=\"elementor elementor-185\" data-elementor-settings=\"[]\">\n\t\t\t\t\t\t\t<div class=\"elementor-section-wrap\">\n\t\t\t\t\t\t\t<section class=\"elementor-section elementor-top-section elementor-element elementor-element-75b382c elementor-section-boxed elementor-section-height-default elementor-section-height-default\" data-id=\"75b382c\" data-element_type=\"section\">\n\t\t\t\t\t\t<div class=\"elementor-container elementor-column-gap-default\">\n\t\t\t\t\t<div class=\"elementor-column elementor-col-100 elementor-top-column elementor-element elementor-element-2b58f24\" data-id=\"2b58f24\" data-element_type=\"column\">\n\t\t\t<div class=\"elementor-widget-wrap elementor-element-populated\">\n\t\t\t\t\t\t\t\t<div class=\"elementor-element elementor-element-2d6f372 elementor-widget elementor-widget-text-editor\" data-id=\"2d6f372\" data-element_type=\"widget\" data-widget_type=\"text-editor.default\">\n\t\t\t\t<div class=\"elementor-widget-container\">\n\t\t\t\t\t<div class=\"elementor-text-editor elementor-clearfix\"><p>Un impianto di <b>aria<\/b> condizionata <b>canalizzata<\/b> \u00e8 un sistema <b>per<\/b> il trattamento dell&#8217;<b>aria<\/b> che libera gli ambienti dagli split, alleggerisce dalla presenza dai macchinari sostituendoli con le griglie che immettono <b>aria.<\/b><\/p><\/div>\n\t\t\t\t<\/div>\n\t\t\t\t<\/div>\n\t\t\t\t<div class=\"elementor-element elementor-element-39a77ec elementor-widget elementor-widget-image\" data-id=\"39a77ec\" data-element_type=\"widget\" data-widget_type=\"image.default\">\n\t\t\t\t<div class=\"elementor-widget-container\">\n\t\t\t\t\t<div class=\"elementor-image\">\n\t\t\t\t\t\t\t\t\t\t<img width=\"640\" height=\"480\" src=\"https:\/\/www.itamp.org\/wp-content\/uploads\/2021\/07\/191809236_3994440033976057_5071290093421882442_n.jpg\" class=\"attachment-large size-large\" alt=\"\" loading=\"lazy\" srcset=\"https:\/\/www.itamp.org\/wp-content\/uploads\/2021\/07\/191809236_3994440033976057_5071290093421882442_n.jpg 768w, https:\/\/www.itamp.org\/wp-content\/uploads\/2021\/07\/191809236_3994440033976057_5071290093421882442_n-300x225.jpg 300w\" sizes=\"(max-width: 640px) 100vw, 640px\" \/>\t\t\t\t\t\t\t\t\t\t\t<\/div>\n\t\t\t\t<\/div>\n\t\t\t\t<\/div>\n\t\t\t\t\t<\/div>\n\t\t<\/div>\n\t\t\t\t\t\t\t<\/div>\n\t\t<\/section>\n\t\t\t\t<section class=\"elementor-section elementor-top-section elementor-element elementor-element-35bf9c4 elementor-section-boxed elementor-section-height-default elementor-section-height-default\" data-id=\"35bf9c4\" data-element_type=\"section\">\n\t\t\t\t\t\t<div class=\"elementor-container elementor-column-gap-default\">\n\t\t\t\t\t<div class=\"elementor-column elementor-col-100 elementor-top-column elementor-element elementor-element-0f5f8f0\" data-id=\"0f5f8f0\" data-element_type=\"column\">\n\t\t\t<div class=\"elementor-widget-wrap elementor-element-populated\">\n\t\t\t\t\t\t\t\t<div class=\"elementor-element elementor-element-1787b78 elementor-widget elementor-widget-text-editor\" data-id=\"1787b78\" data-element_type=\"widget\" data-widget_type=\"text-editor.default\">\n\t\t\t\t<div class=\"elementor-widget-container\">\n\t\t\t\t\t<div class=\"elementor-text-editor elementor-clearfix\"><p>Un impianto di aria condizionata canalizzata \u00e8 un <strong>sistema per il trattamento dell\u2019aria<\/strong> che libera gli ambienti dagli split, alleggerisce dalla presenza dai macchinari sostituendoli con le griglie che immettono aria.<\/p><p>Un impianto canalizzato \u00e8 molto simile a quello tradizionale per le funzioni ed \u00e8 in grado di produrre sia aria calda che aria fredda, perch\u00e9\u00a0 \u00e8 dotato di un\u2019unit\u00e0 esterna (composta dalla griglie inserite nelle stanza) che di una interna (il motore, unico, riposto in un locale adatto).<\/p><p>La macchina interna \u00e8 l\u2019unico split presente in casa, \u00e8 il motore che produce l\u2019aria, fredda o calda, e deve essere inserito in un locale in cui \u00e8 facile accedere e nel quale il professionista pu\u00f2 fare le riparazioni e svolgere le normali azioni di manutenzione.<\/p><p>L\u2019aria che viene prodotta dal motore verr\u00e0 poi trasmessa in tutta casa grazie ai <strong>canali termoisolanti<\/strong>.<\/p><p>La diffusione dell\u2019aria viene affidata alle <b>griglie di mandata<\/b> e <b>ripresa dell\u2019aria<\/b>, che possono essere installate in ogni stanza e sono provviste di filtri per trattenere lo sporco e le sostanze che causano allergie.<\/p><\/div>\n\t\t\t\t<\/div>\n\t\t\t\t<\/div>\n\t\t\t\t<div class=\"elementor-element elementor-element-a848771 elementor-widget elementor-widget-image\" data-id=\"a848771\" data-element_type=\"widget\" data-widget_type=\"image.default\">\n\t\t\t\t<div class=\"elementor-widget-container\">\n\t\t\t\t\t<div class=\"elementor-image\">\n\t\t\t\t\t\t\t\t\t\t<img width=\"640\" height=\"853\" src=\"https:\/\/www.itamp.org\/wp-content\/uploads\/2021\/07\/20543578_1434144740005612_1427874053616929821_o-768x1024.jpg\" class=\"attachment-large size-large\" alt=\"\" loading=\"lazy\" srcset=\"https:\/\/www.itamp.org\/wp-content\/uploads\/2021\/07\/20543578_1434144740005612_1427874053616929821_o-768x1024.jpg 768w, https:\/\/www.itamp.org\/wp-content\/uploads\/2021\/07\/20543578_1434144740005612_1427874053616929821_o-225x300.jpg 225w, https:\/\/www.itamp.org\/wp-content\/uploads\/2021\/07\/20543578_1434144740005612_1427874053616929821_o-1152x1536.jpg 1152w, https:\/\/www.itamp.org\/wp-content\/uploads\/2021\/07\/20543578_1434144740005612_1427874053616929821_o.jpg 1536w\" sizes=\"(max-width: 640px) 100vw, 640px\" \/>\t\t\t\t\t\t\t\t\t\t\t<\/div>\n\t\t\t\t<\/div>\n\t\t\t\t<\/div>\n\t\t\t\t<div class=\"elementor-element elementor-element-fd746c2 elementor-widget elementor-widget-image\" data-id=\"fd746c2\" data-element_type=\"widget\" data-widget_type=\"image.default\">\n\t\t\t\t<div class=\"elementor-widget-container\">\n\t\t\t\t\t<div class=\"elementor-image\">\n\t\t\t\t\t\t\t\t\t\t<img width=\"640\" height=\"480\" src=\"https:\/\/www.itamp.org\/wp-content\/uploads\/2021\/07\/20543948_1434144660005620_8330642742851436636_o-1024x768.jpg\" class=\"attachment-large size-large\" alt=\"\" loading=\"lazy\" srcset=\"https:\/\/www.itamp.org\/wp-content\/uploads\/2021\/07\/20543948_1434144660005620_8330642742851436636_o-1024x768.jpg 1024w, https:\/\/www.itamp.org\/wp-content\/uploads\/2021\/07\/20543948_1434144660005620_8330642742851436636_o-300x225.jpg 300w, https:\/\/www.itamp.org\/wp-content\/uploads\/2021\/07\/20543948_1434144660005620_8330642742851436636_o-768x576.jpg 768w, https:\/\/www.itamp.org\/wp-content\/uploads\/2021\/07\/20543948_1434144660005620_8330642742851436636_o-1536x1152.jpg 1536w, https:\/\/www.itamp.org\/wp-content\/uploads\/2021\/07\/20543948_1434144660005620_8330642742851436636_o.jpg 2048w\" sizes=\"(max-width: 640px) 100vw, 640px\" \/>\t\t\t\t\t\t\t\t\t\t\t<\/div>\n\t\t\t\t<\/div>\n\t\t\t\t<\/div>\n\t\t\t\t\t<\/div>\n\t\t<\/div>\n\t\t\t\t\t\t\t<\/div>\n\t\t<\/section>\n\t\t\t\t\t\t<\/div>\n\t\t\t\t\t<\/div>\n\t\t","protected":false},"excerpt":{"rendered":"<p>Un impianto di aria condizionata canalizzata \u00e8 un sistema per il trattamento dell&#8217;aria che libera gli ambienti dagli split, alleggerisce dalla presenza dai macchinari sostituendoli con le griglie che immettono aria. Un impianto di aria condizionata canalizzata \u00e8 un sistema per il trattamento dell\u2019aria che libera gli ambienti dagli split, alleggerisce dalla presenza dai macchinari sostituendoli con le griglie che&#8230;<\/p>\n","protected":false},"author":1,"featured_media":0,"parent":0,"menu_order":0,"comment_status":"closed","ping_status":"closed","template":"","meta":[],"_links":{"self":[{"href":"https:\/\/www.itamp.org\/index.php\/wp-json\/wp\/v2\/pages\/185"}],"collection":[{"href":"https:\/\/www.itamp.org\/index.php\/wp-json\/wp\/v2\/pages"}],"about":[{"href":"https:\/\/www.itamp.org\/index.php\/wp-json\/wp\/v2\/types\/page"}],"author":[{"embeddable":true,"href":"https:\/\/www.itamp.org\/index.php\/wp-json\/wp\/v2\/users\/1"}],"replies":[{"embeddable":true,"href":"https:\/\/www.itamp.org\/index.php\/wp-json\/wp\/v2\/comments?post=185"}],"version-history":[{"count":5,"href":"https:\/\/www.itamp.org\/index.php\/wp-json\/wp\/v2\/pages\/185\/revisions"}],"predecessor-version":[{"id":1051,"href":"https:\/\/www.itamp.org\/index.php\/wp-json\/wp\/v2\/pages\/185\/revisions\/1051"}],"wp:attachment":[{"href":"https:\/\/www.itamp.org\/index.php\/wp-json\/wp\/v2\/media?parent=185"}],"curies":[{"name":"wp","href":"https:\/\/api.w.org\/{rel}","templated":true}]}}