{"id":336,"date":"2021-04-19T02:33:06","date_gmt":"2021-04-19T00:33:06","guid":{"rendered":"http:\/\/www.itamp.org\/index.php\/?page_id=336"},"modified":"2021-07-15T17:51:02","modified_gmt":"2021-07-15T15:51:02","slug":"domotica","status":"publish","type":"page","link":"https:\/\/www.itamp.org\/index.php\/domotica\/","title":{"rendered":"Reti TV &#8211; LAN &#8211; WIFI e Domotica"},"content":{"rendered":"\t\t<div data-elementor-type=\"wp-page\" data-elementor-id=\"336\" class=\"elementor elementor-336\" data-elementor-settings=\"[]\">\n\t\t\t\t\t\t\t<div class=\"elementor-section-wrap\">\n\t\t\t\t\t\t\t<section class=\"elementor-section elementor-top-section elementor-element elementor-element-64e010f9 elementor-section-boxed elementor-section-height-default elementor-section-height-default\" data-id=\"64e010f9\" data-element_type=\"section\">\n\t\t\t\t\t\t<div class=\"elementor-container elementor-column-gap-default\">\n\t\t\t\t\t<div class=\"elementor-column elementor-col-100 elementor-top-column elementor-element elementor-element-7f081e28\" data-id=\"7f081e28\" data-element_type=\"column\" data-settings=\"{&quot;background_background&quot;:&quot;classic&quot;}\">\n\t\t\t<div class=\"elementor-widget-wrap elementor-element-populated\">\n\t\t\t\t\t\t\t\t<div class=\"elementor-element elementor-element-4fc5bc9f elementor-widget elementor-widget-text-editor\" data-id=\"4fc5bc9f\" data-element_type=\"widget\" data-widget_type=\"text-editor.default\">\n\t\t\t\t<div class=\"elementor-widget-container\">\n\t\t\t\t\t<div class=\"elementor-text-editor elementor-clearfix\"><h1><strong>Domotica<\/strong><\/h1><\/div>\n\t\t\t\t<\/div>\n\t\t\t\t<\/div>\n\t\t\t\t<div class=\"elementor-element elementor-element-9b69634 elementor-widget-divider--view-line elementor-widget elementor-widget-divider\" data-id=\"9b69634\" data-element_type=\"widget\" data-widget_type=\"divider.default\">\n\t\t\t\t<div class=\"elementor-widget-container\">\n\t\t\t\t\t<div class=\"elementor-divider\">\n\t\t\t<span class=\"elementor-divider-separator\">\n\t\t\t\t\t\t<\/span>\n\t\t<\/div>\n\t\t\t\t<\/div>\n\t\t\t\t<\/div>\n\t\t\t\t\t<\/div>\n\t\t<\/div>\n\t\t\t\t\t\t\t<\/div>\n\t\t<\/section>\n\t\t\t\t<section class=\"elementor-section elementor-top-section elementor-element elementor-element-c66cfa2 elementor-section-boxed elementor-section-height-default elementor-section-height-default\" data-id=\"c66cfa2\" data-element_type=\"section\">\n\t\t\t\t\t\t<div class=\"elementor-container elementor-column-gap-default\">\n\t\t\t\t\t<div class=\"elementor-column elementor-col-100 elementor-top-column elementor-element elementor-element-84a1bb0\" data-id=\"84a1bb0\" data-element_type=\"column\">\n\t\t\t<div class=\"elementor-widget-wrap elementor-element-populated\">\n\t\t\t\t\t\t\t\t<div class=\"elementor-element elementor-element-dc4d66c elementor-widget elementor-widget-image\" data-id=\"dc4d66c\" data-element_type=\"widget\" data-widget_type=\"image.default\">\n\t\t\t\t<div class=\"elementor-widget-container\">\n\t\t\t\t\t<div class=\"elementor-image\">\n\t\t\t\t\t\t\t\t\t\t<img width=\"640\" height=\"640\" src=\"https:\/\/www.itamp.org\/wp-content\/uploads\/2021\/07\/188972739_3970667806353280_9145039725879685698_n.jpg\" class=\"attachment-large size-large\" alt=\"\" loading=\"lazy\" srcset=\"https:\/\/www.itamp.org\/wp-content\/uploads\/2021\/07\/188972739_3970667806353280_9145039725879685698_n.jpg 960w, https:\/\/www.itamp.org\/wp-content\/uploads\/2021\/07\/188972739_3970667806353280_9145039725879685698_n-300x300.jpg 300w, https:\/\/www.itamp.org\/wp-content\/uploads\/2021\/07\/188972739_3970667806353280_9145039725879685698_n-150x150.jpg 150w, https:\/\/www.itamp.org\/wp-content\/uploads\/2021\/07\/188972739_3970667806353280_9145039725879685698_n-768x768.jpg 768w\" sizes=\"(max-width: 640px) 100vw, 640px\" \/>\t\t\t\t\t\t\t\t\t\t\t<\/div>\n\t\t\t\t<\/div>\n\t\t\t\t<\/div>\n\t\t\t\t\t<\/div>\n\t\t<\/div>\n\t\t\t\t\t\t\t<\/div>\n\t\t<\/section>\n\t\t\t\t<section class=\"elementor-section elementor-top-section elementor-element elementor-element-700977f elementor-section-boxed elementor-section-height-default elementor-section-height-default\" data-id=\"700977f\" data-element_type=\"section\">\n\t\t\t\t\t\t<div class=\"elementor-container elementor-column-gap-default\">\n\t\t\t\t\t<div class=\"elementor-column elementor-col-100 elementor-top-column elementor-element elementor-element-da5b356\" data-id=\"da5b356\" data-element_type=\"column\">\n\t\t\t<div class=\"elementor-widget-wrap elementor-element-populated\">\n\t\t\t\t\t\t\t\t<div class=\"elementor-element elementor-element-6cc0a1b elementor-widget elementor-widget-text-editor\" data-id=\"6cc0a1b\" data-element_type=\"widget\" data-widget_type=\"text-editor.default\">\n\t\t\t\t<div class=\"elementor-widget-container\">\n\t\t\t\t\t<div class=\"elementor-text-editor elementor-clearfix\"><p>La <b>domotica<\/b> \u00e8 quella disciplina che si occupa dello studio e dell&#8217;applicazione delle tecnologie volte a ottimizzare la qualit\u00e0 della vita nelle nostre case rendendole pi\u00f9 smart per mezzo di appositi sistemi di automazione domestica: gli Impianti <b>Domotici<\/b>.<\/p><\/div>\n\t\t\t\t<\/div>\n\t\t\t\t<\/div>\n\t\t\t\t<div class=\"elementor-element elementor-element-dea6672 elementor-widget elementor-widget-image\" data-id=\"dea6672\" data-element_type=\"widget\" data-widget_type=\"image.default\">\n\t\t\t\t<div class=\"elementor-widget-container\">\n\t\t\t\t\t<div class=\"elementor-image\">\n\t\t\t\t\t\t\t\t\t\t<img width=\"640\" height=\"480\" src=\"https:\/\/www.itamp.org\/wp-content\/uploads\/2021\/07\/192183710_3994440027309391_2019907462054859229_n.jpg\" class=\"attachment-large size-large\" alt=\"\" loading=\"lazy\" srcset=\"https:\/\/www.itamp.org\/wp-content\/uploads\/2021\/07\/192183710_3994440027309391_2019907462054859229_n.jpg 768w, https:\/\/www.itamp.org\/wp-content\/uploads\/2021\/07\/192183710_3994440027309391_2019907462054859229_n-300x225.jpg 300w\" sizes=\"(max-width: 640px) 100vw, 640px\" \/>\t\t\t\t\t\t\t\t\t\t\t<\/div>\n\t\t\t\t<\/div>\n\t\t\t\t<\/div>\n\t\t\t\t<div class=\"elementor-element elementor-element-4a6f1d5 elementor-widget elementor-widget-image\" data-id=\"4a6f1d5\" data-element_type=\"widget\" data-widget_type=\"image.default\">\n\t\t\t\t<div class=\"elementor-widget-container\">\n\t\t\t\t\t<div class=\"elementor-image\">\n\t\t\t\t\t\t\t\t\t\t<img width=\"568\" height=\"1024\" src=\"https:\/\/www.itamp.org\/wp-content\/uploads\/2020\/06\/74d8efc9-669c-4f70-beb7-b2aa585ca8f6-568x1024.jpg\" class=\"attachment-large size-large\" alt=\"\" loading=\"lazy\" srcset=\"https:\/\/www.itamp.org\/wp-content\/uploads\/2020\/06\/74d8efc9-669c-4f70-beb7-b2aa585ca8f6-568x1024.jpg 568w, https:\/\/www.itamp.org\/wp-content\/uploads\/2020\/06\/74d8efc9-669c-4f70-beb7-b2aa585ca8f6-166x300.jpg 166w, https:\/\/www.itamp.org\/wp-content\/uploads\/2020\/06\/74d8efc9-669c-4f70-beb7-b2aa585ca8f6.jpg 739w\" sizes=\"(max-width: 568px) 100vw, 568px\" \/>\t\t\t\t\t\t\t\t\t\t\t<\/div>\n\t\t\t\t<\/div>\n\t\t\t\t<\/div>\n\t\t\t\t\t<\/div>\n\t\t<\/div>\n\t\t\t\t\t\t\t<\/div>\n\t\t<\/section>\n\t\t\t\t<section class=\"elementor-section elementor-top-section elementor-element elementor-element-a738d63 elementor-section-boxed elementor-section-height-default elementor-section-height-default\" data-id=\"a738d63\" data-element_type=\"section\">\n\t\t\t\t\t\t<div class=\"elementor-container elementor-column-gap-default\">\n\t\t\t\t\t<div class=\"elementor-column elementor-col-100 elementor-top-column elementor-element elementor-element-b6aa721\" data-id=\"b6aa721\" data-element_type=\"column\">\n\t\t\t<div class=\"elementor-widget-wrap elementor-element-populated\">\n\t\t\t\t\t\t\t\t<div class=\"elementor-element elementor-element-966bf2e elementor-widget elementor-widget-text-editor\" data-id=\"966bf2e\" data-element_type=\"widget\" data-widget_type=\"text-editor.default\">\n\t\t\t\t<div class=\"elementor-widget-container\">\n\t\t\t\t\t<div class=\"elementor-text-editor elementor-clearfix\"><p>Venite a trovarci per i migliori ed economici lavori di domotica per la vostra cosa da sogno!<\/p><\/div>\n\t\t\t\t<\/div>\n\t\t\t\t<\/div>\n\t\t\t\t<div class=\"elementor-element elementor-element-aa26e0f elementor-widget elementor-widget-image\" data-id=\"aa26e0f\" data-element_type=\"widget\" data-widget_type=\"image.default\">\n\t\t\t\t<div class=\"elementor-widget-container\">\n\t\t\t\t\t<div class=\"elementor-image\">\n\t\t\t\t\t\t\t\t\t\t<img width=\"640\" height=\"427\" src=\"https:\/\/www.itamp.org\/wp-content\/uploads\/2021\/04\/IMG_1961-1024x683.jpg\" class=\"attachment-large size-large\" alt=\"\" loading=\"lazy\" srcset=\"https:\/\/www.itamp.org\/wp-content\/uploads\/2021\/04\/IMG_1961-1024x683.jpg 1024w, https:\/\/www.itamp.org\/wp-content\/uploads\/2021\/04\/IMG_1961-300x200.jpg 300w, https:\/\/www.itamp.org\/wp-content\/uploads\/2021\/04\/IMG_1961-768x512.jpg 768w, https:\/\/www.itamp.org\/wp-content\/uploads\/2021\/04\/IMG_1961-1536x1024.jpg 1536w, https:\/\/www.itamp.org\/wp-content\/uploads\/2021\/04\/IMG_1961-2048x1365.jpg 2048w, https:\/\/www.itamp.org\/wp-content\/uploads\/2021\/04\/IMG_1961-600x400.jpg 600w\" sizes=\"(max-width: 640px) 100vw, 640px\" \/>\t\t\t\t\t\t\t\t\t\t\t<\/div>\n\t\t\t\t<\/div>\n\t\t\t\t<\/div>\n\t\t\t\t\t<\/div>\n\t\t<\/div>\n\t\t\t\t\t\t\t<\/div>\n\t\t<\/section>\n\t\t\t\t\t\t<\/div>\n\t\t\t\t\t<\/div>\n\t\t","protected":false},"excerpt":{"rendered":"<p>Domotica La domotica \u00e8 quella disciplina che si occupa dello studio e dell&#8217;applicazione delle tecnologie volte a ottimizzare la qualit\u00e0 della vita nelle nostre case rendendole pi\u00f9 smart per mezzo di appositi sistemi di automazione domestica: gli Impianti Domotici. Venite a trovarci per i migliori ed economici lavori di domotica per la vostra cosa da sogno!<\/p>\n","protected":false},"author":1,"featured_media":0,"parent":0,"menu_order":0,"comment_status":"closed","ping_status":"closed","template":"","meta":[],"_links":{"self":[{"href":"https:\/\/www.itamp.org\/index.php\/wp-json\/wp\/v2\/pages\/336"}],"collection":[{"href":"https:\/\/www.itamp.org\/index.php\/wp-json\/wp\/v2\/pages"}],"about":[{"href":"https:\/\/www.itamp.org\/index.php\/wp-json\/wp\/v2\/types\/page"}],"author":[{"embeddable":true,"href":"https:\/\/www.itamp.org\/index.php\/wp-json\/wp\/v2\/users\/1"}],"replies":[{"embeddable":true,"href":"https:\/\/www.itamp.org\/index.php\/wp-json\/wp\/v2\/comments?post=336"}],"version-history":[{"count":22,"href":"https:\/\/www.itamp.org\/index.php\/wp-json\/wp\/v2\/pages\/336\/revisions"}],"predecessor-version":[{"id":1080,"href":"https:\/\/www.itamp.org\/index.php\/wp-json\/wp\/v2\/pages\/336\/revisions\/1080"}],"wp:attachment":[{"href":"https:\/\/www.itamp.org\/index.php\/wp-json\/wp\/v2\/media?parent=336"}],"curies":[{"name":"wp","href":"https:\/\/api.w.org\/{rel}","templated":true}]}}