{"id":680,"date":"2021-04-23T03:42:42","date_gmt":"2021-04-23T01:42:42","guid":{"rendered":"http:\/\/www.itamp.org\/index.php\/?page_id=680"},"modified":"2021-07-14T18:08:07","modified_gmt":"2021-07-14T16:08:07","slug":"climatizzatore","status":"publish","type":"page","link":"https:\/\/www.itamp.org\/index.php\/climatizzatore\/","title":{"rendered":"Climatizzatore e Pompe di Calore"},"content":{"rendered":"\t\t<div data-elementor-type=\"wp-page\" data-elementor-id=\"680\" class=\"elementor elementor-680\" data-elementor-settings=\"[]\">\n\t\t\t\t\t\t\t<div class=\"elementor-section-wrap\">\n\t\t\t\t\t\t\t<section class=\"elementor-section elementor-top-section elementor-element elementor-element-1122af0 elementor-section-boxed elementor-section-height-default elementor-section-height-default\" data-id=\"1122af0\" data-element_type=\"section\">\n\t\t\t\t\t\t<div class=\"elementor-container elementor-column-gap-default\">\n\t\t\t\t\t<div class=\"elementor-column elementor-col-100 elementor-top-column elementor-element elementor-element-65ce6bf\" data-id=\"65ce6bf\" data-element_type=\"column\">\n\t\t\t<div class=\"elementor-widget-wrap elementor-element-populated\">\n\t\t\t\t\t\t\t\t<div class=\"elementor-element elementor-element-d6513f7 elementor-widget elementor-widget-text-editor\" data-id=\"d6513f7\" data-element_type=\"widget\" data-widget_type=\"text-editor.default\">\n\t\t\t\t<div class=\"elementor-widget-container\">\n\t\t\t\t\t<div class=\"elementor-text-editor elementor-clearfix\"><p>Il <b>climatizzatore<\/b> \u00e8 una macchina termica, con pompa di calore, atta alla regolazione della temperatura e\/o dell&#8217;umidit\u00e0 in un ambiente. Esso pu\u00f2 produrre calore o frescura regolando temperatura e umidit\u00e0 dell&#8217;ambiente climatizzato.<\/p><\/div>\n\t\t\t\t<\/div>\n\t\t\t\t<\/div>\n\t\t\t\t<div class=\"elementor-element elementor-element-386c1ca elementor-widget elementor-widget-image\" data-id=\"386c1ca\" data-element_type=\"widget\" data-widget_type=\"image.default\">\n\t\t\t\t<div class=\"elementor-widget-container\">\n\t\t\t\t\t<div class=\"elementor-image\">\n\t\t\t\t\t\t\t\t\t\t<img width=\"640\" height=\"640\" src=\"https:\/\/www.itamp.org\/wp-content\/uploads\/2021\/07\/69612795_2387697171317026_8878623481680363520_n-1024x1024.jpg\" class=\"attachment-large size-large\" alt=\"\" loading=\"lazy\" srcset=\"https:\/\/www.itamp.org\/wp-content\/uploads\/2021\/07\/69612795_2387697171317026_8878623481680363520_n-1024x1024.jpg 1024w, https:\/\/www.itamp.org\/wp-content\/uploads\/2021\/07\/69612795_2387697171317026_8878623481680363520_n-300x300.jpg 300w, https:\/\/www.itamp.org\/wp-content\/uploads\/2021\/07\/69612795_2387697171317026_8878623481680363520_n-150x150.jpg 150w, https:\/\/www.itamp.org\/wp-content\/uploads\/2021\/07\/69612795_2387697171317026_8878623481680363520_n-768x768.jpg 768w, https:\/\/www.itamp.org\/wp-content\/uploads\/2021\/07\/69612795_2387697171317026_8878623481680363520_n.jpg 1440w\" sizes=\"(max-width: 640px) 100vw, 640px\" \/>\t\t\t\t\t\t\t\t\t\t\t<\/div>\n\t\t\t\t<\/div>\n\t\t\t\t<\/div>\n\t\t\t\t\t<\/div>\n\t\t<\/div>\n\t\t\t\t\t\t\t<\/div>\n\t\t<\/section>\n\t\t\t\t<section class=\"elementor-section elementor-top-section elementor-element elementor-element-82a65c1 elementor-section-boxed elementor-section-height-default elementor-section-height-default\" data-id=\"82a65c1\" data-element_type=\"section\">\n\t\t\t\t\t\t<div class=\"elementor-container elementor-column-gap-default\">\n\t\t\t\t\t<div class=\"elementor-column elementor-col-100 elementor-top-column elementor-element elementor-element-cf2ec19\" data-id=\"cf2ec19\" data-element_type=\"column\">\n\t\t\t<div class=\"elementor-widget-wrap elementor-element-populated\">\n\t\t\t\t\t\t\t\t<div class=\"elementor-element elementor-element-9ea55ac elementor-widget elementor-widget-text-editor\" data-id=\"9ea55ac\" data-element_type=\"widget\" data-widget_type=\"text-editor.default\">\n\t\t\t\t<div class=\"elementor-widget-container\">\n\t\t\t\t\t<div class=\"elementor-text-editor elementor-clearfix\"><p><strong>Fissi<\/strong> o <strong>portatili<\/strong>, con una o pi\u00f9 unit\u00e0, a <strong>gas ecologico<\/strong>, <strong>inverter<\/strong> e <strong>gestibili da remoto<\/strong> con collegamento Wifi: i <b>condizionatori <\/b>per raffrescare gli ambienti in estate sono in classe energetica A++, sporcano e consumano di meno rispetto al passato e spesso, da soli, gestiscono la climatizzazione della casa per l\u2019intero arco dell\u2019anno.<\/p><\/div>\n\t\t\t\t<\/div>\n\t\t\t\t<\/div>\n\t\t\t\t<div class=\"elementor-element elementor-element-0b68898 elementor-widget elementor-widget-image\" data-id=\"0b68898\" data-element_type=\"widget\" data-widget_type=\"image.default\">\n\t\t\t\t<div class=\"elementor-widget-container\">\n\t\t\t\t\t<div class=\"elementor-image\">\n\t\t\t\t\t\t\t\t\t\t<img width=\"640\" height=\"640\" src=\"https:\/\/www.itamp.org\/wp-content\/uploads\/2021\/07\/211424732_4090943060992420_8559550991793476821_n-1024x1024.jpg\" class=\"attachment-large size-large\" alt=\"\" loading=\"lazy\" srcset=\"https:\/\/www.itamp.org\/wp-content\/uploads\/2021\/07\/211424732_4090943060992420_8559550991793476821_n-1024x1024.jpg 1024w, https:\/\/www.itamp.org\/wp-content\/uploads\/2021\/07\/211424732_4090943060992420_8559550991793476821_n-300x300.jpg 300w, https:\/\/www.itamp.org\/wp-content\/uploads\/2021\/07\/211424732_4090943060992420_8559550991793476821_n-150x150.jpg 150w, https:\/\/www.itamp.org\/wp-content\/uploads\/2021\/07\/211424732_4090943060992420_8559550991793476821_n-768x768.jpg 768w, https:\/\/www.itamp.org\/wp-content\/uploads\/2021\/07\/211424732_4090943060992420_8559550991793476821_n.jpg 1080w\" sizes=\"(max-width: 640px) 100vw, 640px\" \/>\t\t\t\t\t\t\t\t\t\t\t<\/div>\n\t\t\t\t<\/div>\n\t\t\t\t<\/div>\n\t\t\t\t<div class=\"elementor-element elementor-element-10353f7 elementor-widget elementor-widget-image\" data-id=\"10353f7\" data-element_type=\"widget\" data-widget_type=\"image.default\">\n\t\t\t\t<div class=\"elementor-widget-container\">\n\t\t\t\t\t<div class=\"elementor-image\">\n\t\t\t\t\t\t\t\t\t\t<img width=\"640\" height=\"480\" src=\"https:\/\/www.itamp.org\/wp-content\/uploads\/2021\/07\/204666452_4063046660448727_8351940300838860300_n-1024x768.jpg\" class=\"attachment-large size-large\" alt=\"\" loading=\"lazy\" srcset=\"https:\/\/www.itamp.org\/wp-content\/uploads\/2021\/07\/204666452_4063046660448727_8351940300838860300_n-1024x768.jpg 1024w, https:\/\/www.itamp.org\/wp-content\/uploads\/2021\/07\/204666452_4063046660448727_8351940300838860300_n-300x225.jpg 300w, https:\/\/www.itamp.org\/wp-content\/uploads\/2021\/07\/204666452_4063046660448727_8351940300838860300_n-768x576.jpg 768w, https:\/\/www.itamp.org\/wp-content\/uploads\/2021\/07\/204666452_4063046660448727_8351940300838860300_n.jpg 1280w\" sizes=\"(max-width: 640px) 100vw, 640px\" \/>\t\t\t\t\t\t\t\t\t\t\t<\/div>\n\t\t\t\t<\/div>\n\t\t\t\t<\/div>\n\t\t\t\t\t<\/div>\n\t\t<\/div>\n\t\t\t\t\t\t\t<\/div>\n\t\t<\/section>\n\t\t\t\t<section class=\"elementor-section elementor-top-section elementor-element elementor-element-cc67337 elementor-section-boxed elementor-section-height-default elementor-section-height-default\" data-id=\"cc67337\" data-element_type=\"section\">\n\t\t\t\t\t\t<div class=\"elementor-container elementor-column-gap-default\">\n\t\t\t\t\t<div class=\"elementor-column elementor-col-100 elementor-top-column elementor-element elementor-element-f2644db\" data-id=\"f2644db\" data-element_type=\"column\">\n\t\t\t<div class=\"elementor-widget-wrap elementor-element-populated\">\n\t\t\t\t\t\t\t\t<div class=\"elementor-element elementor-element-e722f21 elementor-widget elementor-widget-text-editor\" data-id=\"e722f21\" data-element_type=\"widget\" data-widget_type=\"text-editor.default\">\n\t\t\t\t<div class=\"elementor-widget-container\">\n\t\t\t\t\t<div class=\"elementor-text-editor elementor-clearfix\"><p>I condizionatori pi\u00f9 venduti dalla Itamp sono &#8230;&#8230;&#8230;&#8230;&#8230;&#8230;&#8230;.. \u00a0garantendo aria fresca in economia\u00a0<\/p><\/div>\n\t\t\t\t<\/div>\n\t\t\t\t<\/div>\n\t\t\t\t<div class=\"elementor-element elementor-element-1257bdd elementor-widget elementor-widget-image\" data-id=\"1257bdd\" data-element_type=\"widget\" data-widget_type=\"image.default\">\n\t\t\t\t<div class=\"elementor-widget-container\">\n\t\t\t\t\t<div class=\"elementor-image\">\n\t\t\t\t\t\t\t\t\t\t<img width=\"640\" height=\"640\" src=\"https:\/\/www.itamp.org\/wp-content\/uploads\/2021\/07\/208438419_4082678848485508_2633246027598756940_n-1024x1024.jpg\" class=\"attachment-large size-large\" alt=\"\" loading=\"lazy\" srcset=\"https:\/\/www.itamp.org\/wp-content\/uploads\/2021\/07\/208438419_4082678848485508_2633246027598756940_n-1024x1024.jpg 1024w, https:\/\/www.itamp.org\/wp-content\/uploads\/2021\/07\/208438419_4082678848485508_2633246027598756940_n-300x300.jpg 300w, https:\/\/www.itamp.org\/wp-content\/uploads\/2021\/07\/208438419_4082678848485508_2633246027598756940_n-150x150.jpg 150w, https:\/\/www.itamp.org\/wp-content\/uploads\/2021\/07\/208438419_4082678848485508_2633246027598756940_n-768x768.jpg 768w, https:\/\/www.itamp.org\/wp-content\/uploads\/2021\/07\/208438419_4082678848485508_2633246027598756940_n.jpg 1440w\" sizes=\"(max-width: 640px) 100vw, 640px\" \/>\t\t\t\t\t\t\t\t\t\t\t<\/div>\n\t\t\t\t<\/div>\n\t\t\t\t<\/div>\n\t\t\t\t<div class=\"elementor-element elementor-element-8ce303f elementor-widget elementor-widget-image\" data-id=\"8ce303f\" data-element_type=\"widget\" data-widget_type=\"image.default\">\n\t\t\t\t<div class=\"elementor-widget-container\">\n\t\t\t\t\t<div class=\"elementor-image\">\n\t\t\t\t\t\t\t\t\t\t<img width=\"640\" height=\"640\" src=\"https:\/\/www.itamp.org\/wp-content\/uploads\/2021\/07\/208859859_4082678865152173_7431301401353111999_n-1024x1024.jpg\" class=\"attachment-large size-large\" alt=\"\" loading=\"lazy\" srcset=\"https:\/\/www.itamp.org\/wp-content\/uploads\/2021\/07\/208859859_4082678865152173_7431301401353111999_n-1024x1024.jpg 1024w, https:\/\/www.itamp.org\/wp-content\/uploads\/2021\/07\/208859859_4082678865152173_7431301401353111999_n-300x300.jpg 300w, https:\/\/www.itamp.org\/wp-content\/uploads\/2021\/07\/208859859_4082678865152173_7431301401353111999_n-150x150.jpg 150w, https:\/\/www.itamp.org\/wp-content\/uploads\/2021\/07\/208859859_4082678865152173_7431301401353111999_n-768x768.jpg 768w, https:\/\/www.itamp.org\/wp-content\/uploads\/2021\/07\/208859859_4082678865152173_7431301401353111999_n.jpg 1440w\" sizes=\"(max-width: 640px) 100vw, 640px\" \/>\t\t\t\t\t\t\t\t\t\t\t<\/div>\n\t\t\t\t<\/div>\n\t\t\t\t<\/div>\n\t\t\t\t\t<\/div>\n\t\t<\/div>\n\t\t\t\t\t\t\t<\/div>\n\t\t<\/section>\n\t\t\t\t\t\t<\/div>\n\t\t\t\t\t<\/div>\n\t\t","protected":false},"excerpt":{"rendered":"<p>Il climatizzatore \u00e8 una macchina termica, con pompa di calore, atta alla regolazione della temperatura e\/o dell&#8217;umidit\u00e0 in un ambiente. Esso pu\u00f2 produrre calore o frescura regolando temperatura e umidit\u00e0 dell&#8217;ambiente climatizzato. Fissi o portatili, con una o pi\u00f9 unit\u00e0, a gas ecologico, inverter e gestibili da remoto con collegamento Wifi: i condizionatori per raffrescare gli ambienti in estate sono&#8230;<\/p>\n","protected":false},"author":1,"featured_media":0,"parent":0,"menu_order":0,"comment_status":"closed","ping_status":"closed","template":"","meta":[],"_links":{"self":[{"href":"https:\/\/www.itamp.org\/index.php\/wp-json\/wp\/v2\/pages\/680"}],"collection":[{"href":"https:\/\/www.itamp.org\/index.php\/wp-json\/wp\/v2\/pages"}],"about":[{"href":"https:\/\/www.itamp.org\/index.php\/wp-json\/wp\/v2\/types\/page"}],"author":[{"embeddable":true,"href":"https:\/\/www.itamp.org\/index.php\/wp-json\/wp\/v2\/users\/1"}],"replies":[{"embeddable":true,"href":"https:\/\/www.itamp.org\/index.php\/wp-json\/wp\/v2\/comments?post=680"}],"version-history":[{"count":10,"href":"https:\/\/www.itamp.org\/index.php\/wp-json\/wp\/v2\/pages\/680\/revisions"}],"predecessor-version":[{"id":1044,"href":"https:\/\/www.itamp.org\/index.php\/wp-json\/wp\/v2\/pages\/680\/revisions\/1044"}],"wp:attachment":[{"href":"https:\/\/www.itamp.org\/index.php\/wp-json\/wp\/v2\/media?parent=680"}],"curies":[{"name":"wp","href":"https:\/\/api.w.org\/{rel}","templated":true}]}}